{"id":16972,"date":"2019-05-07T11:37:42","date_gmt":"2019-05-07T09:37:42","guid":{"rendered":"http:\/\/www.attea.fr\/?page_id=16972"},"modified":"2023-09-13T07:13:16","modified_gmt":"2023-09-13T07:13:16","slug":"la-noiseraie","status":"publish","type":"page","link":"https:\/\/attea.fr\/index.php\/la-noiseraie\/","title":{"rendered":"R\u00e9sidence La Noiseraie"},"content":{"rendered":"<section class=\"wpb-content-wrapper\"><p>[vc_row row_type=\u00a0\u00bbrow\u00a0\u00bb use_row_as_full_screen_section=\u00a0\u00bbno\u00a0\u00bb type=\u00a0\u00bbfull_width\u00a0\u00bb angled_section=\u00a0\u00bbno\u00a0\u00bb text_align=\u00a0\u00bbleft\u00a0\u00bb background_image_as_pattern=\u00a0\u00bbwithout_pattern\u00a0\u00bb][vc_column][vc_column_text css=\u00a0\u00bb.vc_custom_1557304711595{background-color: #000000 !important;}\u00a0\u00bb]<\/p>\n<h3 style=\"text-align: center;\"><span style=\"color: #ffffff;\">R\u00e9sidence La Noiseraie<\/span><\/h3>\n<p>[\/vc_column_text][vc_empty_space][\/vc_column][\/vc_row][vc_row row_type=\u00a0\u00bbrow\u00a0\u00bb use_row_as_full_screen_section=\u00a0\u00bbno\u00a0\u00bb type=\u00a0\u00bbfull_width\u00a0\u00bb angled_section=\u00a0\u00bbno\u00a0\u00bb text_align=\u00a0\u00bbleft\u00a0\u00bb background_image_as_pattern=\u00a0\u00bbwithout_pattern\u00a0\u00bb z_index=\u00a0\u00bb\u00a0\u00bb][vc_column css=\u00a0\u00bb.vc_custom_1550486135696{background-color: #ffffff !important;}\u00a0\u00bb][vc_column_text]<\/p>\n<h3 style=\"text-align: left;\">D\u00e9tail du chantier<\/h3>\n<hr \/>\n<p>[\/vc_column_text][vc_column_text]<strong>R\u00e9sidence \u00ab\u00a0NOISERAIE IV\u00a0\u00bb<\/strong><\/p>\n<p>1, rue du Vallon &#8211; 8\/10 et 11, alle\u0301e de la Futaie &#8211; 93160 NOISY LE GRAND<\/p>\n<p>&nbsp;<\/p>\n<p>&nbsp;<\/p>\n<p><strong>Maitre d\u2019Ouvrage\u00a0<\/strong>: Syndicat des copropri\u00e9taires de la re\u0301sidence \u00ab\u00a0NOISERAIE IV\u00a0\u00bb<\/p>\n<p>&nbsp;<\/p>\n<p><strong>Nature des travaux\u00a0<\/strong>: Travaux de ravalement des fa\u00e7ades de l\u2019ensemble des b\u00e2timents constituant la r\u00e9sidence par rev\u00eatement d\u2019imperm\u00e9abilit\u00e9 class\u00e9 I3 et I4, traitement \u00e9tanche des sols des balcons par mise en \u0153uvre d\u2019un Syst\u00e8me d\u2019Etanch\u00e9it\u00e9 Liquide (SEL) et r\u00e9fection des \u00e9tanch\u00e9it\u00e9s des jardini\u00e8res ma\u00e7onn\u00e9es<\/p>\n<p>&nbsp;<\/p>\n<p>&nbsp;<\/p>\n<p><strong>Montants des travaux\u00a0<\/strong>: 1 500 000,00 \u20ac TTC[\/vc_column_text][\/vc_column][\/vc_row][vc_row row_type=\u00a0\u00bbrow\u00a0\u00bb use_row_as_full_screen_section=\u00a0\u00bbno\u00a0\u00bb type=\u00a0\u00bbfull_width\u00a0\u00bb angled_section=\u00a0\u00bbno\u00a0\u00bb text_align=\u00a0\u00bbleft\u00a0\u00bb background_image_as_pattern=\u00a0\u00bbwithout_pattern\u00a0\u00bb][vc_column][layerslider_vc id=\u00a0\u00bb20&Prime;][vc_empty_space height=\u00a0\u00bb50&Prime;][vc_empty_space height=\u00a0\u00bb50&Prime;][\/vc_column][\/vc_row]<\/p>\n<\/section>","protected":false},"excerpt":{"rendered":"<p>[vc_row row_type=\u00a0\u00bbrow\u00a0\u00bb use_row_as_full_screen_section=\u00a0\u00bbno\u00a0\u00bb type=\u00a0\u00bbfull_width\u00a0\u00bb angled_section=\u00a0\u00bbno\u00a0\u00bb text_align=\u00a0\u00bbleft\u00a0\u00bb background_image_as_pattern=\u00a0\u00bbwithout_pattern\u00a0\u00bb][vc_column][vc_column_text css=\u00a0\u00bb.vc_custom_1557304711595{background-color: #000000 !important;}\u00a0\u00bb] R\u00e9sidence La Noiseraie [\/vc_column_text][vc_empty_space][\/vc_column][\/vc_row][vc_row row_type=\u00a0\u00bbrow\u00a0\u00bb use_row_as_full_screen_section=\u00a0\u00bbno\u00a0\u00bb type=\u00a0\u00bbfull_width\u00a0\u00bb angled_section=\u00a0\u00bbno\u00a0\u00bb text_align=\u00a0\u00bbleft\u00a0\u00bb background_image_as_pattern=\u00a0\u00bbwithout_pattern\u00a0\u00bb &#8230; <\/p>\n<p class=\"read-more-container\"><a title=\"R\u00e9sidence La Noiseraie\" class=\"read-more button\" href=\"https:\/\/attea.fr\/index.php\/la-noiseraie\/#more-16972\">Read more<span class=\"screen-reader-text\">R\u00e9sidence La Noiseraie<\/span><\/a><\/p>\n","protected":false},"author":1,"featured_media":0,"parent":0,"menu_order":0,"comment_status":"closed","ping_status":"closed","template":"","meta":{"footnotes":""},"folder":[],"class_list":{"0":"post-16972","1":"page","2":"type-page","3":"status-publish","5":"no-featured-image-padding"},"_links":{"self":[{"href":"https:\/\/attea.fr\/index.php\/wp-json\/wp\/v2\/pages\/16972","targetHints":{"allow":["GET"]}}],"collection":[{"href":"https:\/\/attea.fr\/index.php\/wp-json\/wp\/v2\/pages"}],"about":[{"href":"https:\/\/attea.fr\/index.php\/wp-json\/wp\/v2\/types\/page"}],"author":[{"embeddable":true,"href":"https:\/\/attea.fr\/index.php\/wp-json\/wp\/v2\/users\/1"}],"replies":[{"embeddable":true,"href":"https:\/\/attea.fr\/index.php\/wp-json\/wp\/v2\/comments?post=16972"}],"version-history":[{"count":1,"href":"https:\/\/attea.fr\/index.php\/wp-json\/wp\/v2\/pages\/16972\/revisions"}],"predecessor-version":[{"id":17897,"href":"https:\/\/attea.fr\/index.php\/wp-json\/wp\/v2\/pages\/16972\/revisions\/17897"}],"wp:attachment":[{"href":"https:\/\/attea.fr\/index.php\/wp-json\/wp\/v2\/media?parent=16972"}],"wp:term":[{"taxonomy":"folder","embeddable":true,"href":"https:\/\/attea.fr\/index.php\/wp-json\/wp\/v2\/folder?post=16972"}],"curies":[{"name":"wp","href":"https:\/\/api.w.org\/{rel}","templated":true}]}}