{"id":17641,"date":"2023-09-07T10:26:16","date_gmt":"2023-09-07T10:26:16","guid":{"rendered":"https:\/\/attea.fr\/?page_id=17641"},"modified":"2023-09-12T11:50:40","modified_gmt":"2023-09-12T11:50:40","slug":"quadan","status":"publish","type":"page","link":"https:\/\/attea.fr\/index.php\/quadan\/","title":{"rendered":"Les Quadrants"},"content":{"rendered":"<section class=\"wpb-content-wrapper\"><p>[vc_row row_type=\u00a0\u00bbrow\u00a0\u00bb use_row_as_full_screen_section=\u00a0\u00bbno\u00a0\u00bb type=\u00a0\u00bbgrid\u00a0\u00bb angled_section=\u00a0\u00bbno\u00a0\u00bb text_align=\u00a0\u00bbleft\u00a0\u00bb background_image_as_pattern=\u00a0\u00bbwithout_pattern\u00a0\u00bb z_index=\u00a0\u00bb\u00a0\u00bb][vc_column][vc_column_text css=\u00a0\u00bb.vc_custom_1694519433342{background-color: #000000 !important;}\u00a0\u00bb]LES QUADRANTS[\/vc_column_text][\/vc_column][\/vc_row][vc_row row_type=\u00a0\u00bbrow\u00a0\u00bb use_row_as_full_screen_section=\u00a0\u00bbno\u00a0\u00bb type=\u00a0\u00bbfull_width\u00a0\u00bb angled_section=\u00a0\u00bbno\u00a0\u00bb text_align=\u00a0\u00bbleft\u00a0\u00bb background_image_as_pattern=\u00a0\u00bbwithout_pattern\u00a0\u00bb][vc_column][vc_column_text]<\/p>\n<p>D\u00e9tail du chantier<\/p>\n<p>[\/vc_column_text][vc_column_text]<\/p>\n<table>\n<tbody>\n<tr>\n<td width=\"302\"><strong>Nom du projet <\/strong><\/p>\n<p><strong>\u00a0<\/strong><\/td>\n<td width=\"302\">R\u00e9sidence \u00ab\u00a0les quadrants\u00a0\u00bb<\/td>\n<\/tr>\n<tr>\n<td width=\"302\"><strong>Adresse<\/strong><\/p>\n<p><strong>\u00a0<\/strong><\/td>\n<td width=\"302\">3, avenue du centre<\/p>\n<p>78280 Guyancourt<\/td>\n<\/tr>\n<tr>\n<td width=\"302\"><strong>Maitre d\u2019ouvrage<\/strong><\/p>\n<p><strong>\u00a0<\/strong><\/td>\n<td width=\"302\">Cabinet Septime<\/td>\n<\/tr>\n<tr>\n<td width=\"302\"><strong>Nature des travaux<\/strong><\/p>\n<p><strong>\u00a0<\/strong><\/td>\n<td width=\"302\">-r\u00e9fection du complexe d\u2019\u00e9tanch\u00e9it\u00e9<\/p>\n<p>-am\u00e9nagements ext\u00e9rieurs du parvis<\/td>\n<\/tr>\n<tr>\n<td width=\"302\"><strong>Montant des travaux<\/strong><\/td>\n<td width=\"302\">2 918 000\u20ac<\/td>\n<\/tr>\n<\/tbody>\n<\/table>\n<p>[\/vc_column_text][\/vc_column][\/vc_row][vc_row row_type=\u00a0\u00bbrow\u00a0\u00bb use_row_as_full_screen_section=\u00a0\u00bbno\u00a0\u00bb type=\u00a0\u00bbfull_width\u00a0\u00bb angled_section=\u00a0\u00bbno\u00a0\u00bb text_align=\u00a0\u00bbleft\u00a0\u00bb background_image_as_pattern=\u00a0\u00bbwithout_pattern\u00a0\u00bb z_index=\u00a0\u00bb\u00a0\u00bb][vc_column][vc_empty_space height=\u00a0\u00bb50&Prime;][layerslider_vc id=\u00a0\u00bb37&Prime;][vc_empty_space height=\u00a0\u00bb50&Prime;][vc_empty_space height=\u00a0\u00bb50&Prime;][vc_empty_space height=\u00a0\u00bb50&Prime;][\/vc_column][\/vc_row]<\/p>\n<\/section>","protected":false},"excerpt":{"rendered":"<p>[vc_row row_type=\u00a0\u00bbrow\u00a0\u00bb use_row_as_full_screen_section=\u00a0\u00bbno\u00a0\u00bb type=\u00a0\u00bbgrid\u00a0\u00bb angled_section=\u00a0\u00bbno\u00a0\u00bb text_align=\u00a0\u00bbleft\u00a0\u00bb background_image_as_pattern=\u00a0\u00bbwithout_pattern\u00a0\u00bb z_index=\u00a0\u00bb\u00a0\u00bb][vc_column][vc_column_text css=\u00a0\u00bb.vc_custom_1694519433342{background-color: #000000 !important;}\u00a0\u00bb]LES QUADRANTS[\/vc_column_text][\/vc_column][\/vc_row][vc_row row_type=\u00a0\u00bbrow\u00a0\u00bb use_row_as_full_screen_section=\u00a0\u00bbno\u00a0\u00bb type=\u00a0\u00bbfull_width\u00a0\u00bb angled_section=\u00a0\u00bbno\u00a0\u00bb text_align=\u00a0\u00bbleft\u00a0\u00bb background_image_as_pattern=\u00a0\u00bbwithout_pattern\u00a0\u00bb][vc_column][vc_column_text] D\u00e9tail du &#8230; <\/p>\n<p class=\"read-more-container\"><a title=\"Les Quadrants\" class=\"read-more button\" href=\"https:\/\/attea.fr\/index.php\/quadan\/#more-17641\">Read more<span class=\"screen-reader-text\">Les Quadrants<\/span><\/a><\/p>\n","protected":false},"author":1,"featured_media":0,"parent":0,"menu_order":0,"comment_status":"closed","ping_status":"closed","template":"","meta":{"footnotes":""},"folder":[24],"class_list":{"0":"post-17641","1":"page","2":"type-page","3":"status-publish","5":"no-featured-image-padding"},"_links":{"self":[{"href":"https:\/\/attea.fr\/index.php\/wp-json\/wp\/v2\/pages\/17641","targetHints":{"allow":["GET"]}}],"collection":[{"href":"https:\/\/attea.fr\/index.php\/wp-json\/wp\/v2\/pages"}],"about":[{"href":"https:\/\/attea.fr\/index.php\/wp-json\/wp\/v2\/types\/page"}],"author":[{"embeddable":true,"href":"https:\/\/attea.fr\/index.php\/wp-json\/wp\/v2\/users\/1"}],"replies":[{"embeddable":true,"href":"https:\/\/attea.fr\/index.php\/wp-json\/wp\/v2\/comments?post=17641"}],"version-history":[{"count":4,"href":"https:\/\/attea.fr\/index.php\/wp-json\/wp\/v2\/pages\/17641\/revisions"}],"predecessor-version":[{"id":17841,"href":"https:\/\/attea.fr\/index.php\/wp-json\/wp\/v2\/pages\/17641\/revisions\/17841"}],"wp:attachment":[{"href":"https:\/\/attea.fr\/index.php\/wp-json\/wp\/v2\/media?parent=17641"}],"wp:term":[{"taxonomy":"folder","embeddable":true,"href":"https:\/\/attea.fr\/index.php\/wp-json\/wp\/v2\/folder?post=17641"}],"curies":[{"name":"wp","href":"https:\/\/api.w.org\/{rel}","templated":true}]}}