{"id":17643,"date":"2023-09-07T10:28:17","date_gmt":"2023-09-07T10:28:17","guid":{"rendered":"https:\/\/attea.fr\/?page_id=17643"},"modified":"2023-09-07T10:28:17","modified_gmt":"2023-09-07T10:28:17","slug":"rue-de-la-grange","status":"publish","type":"page","link":"https:\/\/attea.fr\/index.php\/rue-de-la-grange\/","title":{"rendered":"RUE DE LA GRANGE"},"content":{"rendered":"<section class=\"wpb-content-wrapper\"><p>[vc_row row_type=\u00a0\u00bbrow\u00a0\u00bb use_row_as_full_screen_section=\u00a0\u00bbno\u00a0\u00bb type=\u00a0\u00bbgrid\u00a0\u00bb angled_section=\u00a0\u00bbno\u00a0\u00bb text_align=\u00a0\u00bbleft\u00a0\u00bb background_image_as_pattern=\u00a0\u00bbwithout_pattern\u00a0\u00bb z_index=\u00a0\u00bb\u00a0\u00bb][vc_column][vc_column_text css=\u00a0\u00bb.vc_custom_1694081501362{background-color: #000000 !important;}\u00a0\u00bb]<\/p>\n<h3 style=\"text-align: center;\"><span style=\"color: #ffffff;\">Rue de la Grange<\/span><\/h3>\n<p>[\/vc_column_text][\/vc_column][\/vc_row][vc_row row_type=\u00a0\u00bbrow\u00a0\u00bb use_row_as_full_screen_section=\u00a0\u00bbno\u00a0\u00bb type=\u00a0\u00bbfull_width\u00a0\u00bb angled_section=\u00a0\u00bbno\u00a0\u00bb text_align=\u00a0\u00bbleft\u00a0\u00bb background_image_as_pattern=\u00a0\u00bbwithout_pattern\u00a0\u00bb][vc_column][vc_column_text]<\/p>\n<h3 style=\"text-align: left;\">D\u00e9tail du chantier<\/h3>\n<hr \/>\n<p>[\/vc_column_text][vc_column_text]<\/p>\n<table>\n<tbody>\n<tr>\n<td width=\"302\"><strong>Nom du projet <\/strong><\/p>\n<p><strong>\u00a0<\/strong><\/td>\n<td width=\"302\">R\u00e9sidence<\/td>\n<\/tr>\n<tr>\n<td width=\"302\"><strong>Adresse<\/strong><\/p>\n<p><strong>\u00a0<\/strong><\/td>\n<td width=\"302\">10 bis, avenue de la grange<\/p>\n<p>94100 Saint Maur des Fosses<\/td>\n<\/tr>\n<tr>\n<td width=\"302\"><strong>Maitre d\u2019ouvrage<\/strong><\/p>\n<p><strong>\u00a0<\/strong><\/td>\n<td width=\"302\">Cabinet David gestion<\/td>\n<\/tr>\n<tr>\n<td width=\"302\"><strong>Nature des travaux<\/strong><\/p>\n<p><strong>\u00a0<\/strong><\/td>\n<td width=\"302\">-travaux de ravalement<\/p>\n<p>-r\u00e9fection de l\u2019\u00e9tanch\u00e9it\u00e9 des balcons<\/p>\n<p>-remplacement des garde-corps<\/td>\n<\/tr>\n<tr>\n<td width=\"302\"><strong>Montant des travaux<\/strong><\/td>\n<td width=\"302\">120 000\u20ac<\/td>\n<\/tr>\n<\/tbody>\n<\/table>\n<p>[\/vc_column_text][\/vc_column][\/vc_row][vc_row row_type=\u00a0\u00bbrow\u00a0\u00bb use_row_as_full_screen_section=\u00a0\u00bbno\u00a0\u00bb type=\u00a0\u00bbfull_width\u00a0\u00bb angled_section=\u00a0\u00bbno\u00a0\u00bb text_align=\u00a0\u00bbleft\u00a0\u00bb background_image_as_pattern=\u00a0\u00bbwithout_pattern\u00a0\u00bb z_index=\u00a0\u00bb\u00a0\u00bb][vc_column][vc_empty_space height=\u00a0\u00bb50&Prime;][layerslider_vc id=\u00a0\u00bb45&Prime;][vc_empty_space height=\u00a0\u00bb50&Prime;][vc_empty_space height=\u00a0\u00bb50&Prime;][vc_empty_space height=\u00a0\u00bb50&Prime;][\/vc_column][\/vc_row]<\/p>\n<\/section>","protected":false},"excerpt":{"rendered":"<p>[vc_row row_type=\u00a0\u00bbrow\u00a0\u00bb use_row_as_full_screen_section=\u00a0\u00bbno\u00a0\u00bb type=\u00a0\u00bbgrid\u00a0\u00bb angled_section=\u00a0\u00bbno\u00a0\u00bb text_align=\u00a0\u00bbleft\u00a0\u00bb background_image_as_pattern=\u00a0\u00bbwithout_pattern\u00a0\u00bb z_index=\u00a0\u00bb\u00a0\u00bb][vc_column][vc_column_text css=\u00a0\u00bb.vc_custom_1694081501362{background-color: #000000 !important;}\u00a0\u00bb] Rue de la Grange [\/vc_column_text][\/vc_column][\/vc_row][vc_row row_type=\u00a0\u00bbrow\u00a0\u00bb use_row_as_full_screen_section=\u00a0\u00bbno\u00a0\u00bb type=\u00a0\u00bbfull_width\u00a0\u00bb angled_section=\u00a0\u00bbno\u00a0\u00bb &#8230; <\/p>\n<p class=\"read-more-container\"><a title=\"RUE DE LA GRANGE\" class=\"read-more button\" href=\"https:\/\/attea.fr\/index.php\/rue-de-la-grange\/#more-17643\">Read more<span class=\"screen-reader-text\">RUE DE LA GRANGE<\/span><\/a><\/p>\n","protected":false},"author":1,"featured_media":0,"parent":0,"menu_order":0,"comment_status":"closed","ping_status":"closed","template":"","meta":{"footnotes":""},"folder":[24],"class_list":{"0":"post-17643","1":"page","2":"type-page","3":"status-publish","5":"no-featured-image-padding"},"_links":{"self":[{"href":"https:\/\/attea.fr\/index.php\/wp-json\/wp\/v2\/pages\/17643","targetHints":{"allow":["GET"]}}],"collection":[{"href":"https:\/\/attea.fr\/index.php\/wp-json\/wp\/v2\/pages"}],"about":[{"href":"https:\/\/attea.fr\/index.php\/wp-json\/wp\/v2\/types\/page"}],"author":[{"embeddable":true,"href":"https:\/\/attea.fr\/index.php\/wp-json\/wp\/v2\/users\/1"}],"replies":[{"embeddable":true,"href":"https:\/\/attea.fr\/index.php\/wp-json\/wp\/v2\/comments?post=17643"}],"version-history":[{"count":2,"href":"https:\/\/attea.fr\/index.php\/wp-json\/wp\/v2\/pages\/17643\/revisions"}],"predecessor-version":[{"id":17645,"href":"https:\/\/attea.fr\/index.php\/wp-json\/wp\/v2\/pages\/17643\/revisions\/17645"}],"wp:attachment":[{"href":"https:\/\/attea.fr\/index.php\/wp-json\/wp\/v2\/media?parent=17643"}],"wp:term":[{"taxonomy":"folder","embeddable":true,"href":"https:\/\/attea.fr\/index.php\/wp-json\/wp\/v2\/folder?post=17643"}],"curies":[{"name":"wp","href":"https:\/\/api.w.org\/{rel}","templated":true}]}}