{"id":17714,"date":"2023-09-11T07:41:07","date_gmt":"2023-09-11T07:41:07","guid":{"rendered":"https:\/\/attea.fr\/?page_id=17714"},"modified":"2023-09-12T12:14:49","modified_gmt":"2023-09-12T12:14:49","slug":"ils-vertes","status":"publish","type":"page","link":"https:\/\/attea.fr\/index.php\/ils-vertes\/","title":{"rendered":"ILS VERTES"},"content":{"rendered":"<section class=\"wpb-content-wrapper\"><p>[vc_row row_type=\u00a0\u00bbrow\u00a0\u00bb use_row_as_full_screen_section=\u00a0\u00bbno\u00a0\u00bb type=\u00a0\u00bbgrid\u00a0\u00bb angled_section=\u00a0\u00bbno\u00a0\u00bb text_align=\u00a0\u00bbleft\u00a0\u00bb background_image_as_pattern=\u00a0\u00bbwithout_pattern\u00a0\u00bb z_index=\u00a0\u00bb\u00a0\u00bb][vc_column][vc_column_text css=\u00a0\u00bb.vc_custom_1694520885391{background-color: #000000 !important;}\u00a0\u00bb]<\/p>\n<h3 style=\"text-align: center;\"><span style=\"color: #ffffff;\">ILES VERTES<\/span><\/h3>\n<p>[\/vc_column_text][\/vc_column][\/vc_row][vc_row row_type=\u00a0\u00bbrow\u00a0\u00bb use_row_as_full_screen_section=\u00a0\u00bbno\u00a0\u00bb type=\u00a0\u00bbfull_width\u00a0\u00bb angled_section=\u00a0\u00bbno\u00a0\u00bb text_align=\u00a0\u00bbleft\u00a0\u00bb background_image_as_pattern=\u00a0\u00bbwithout_pattern\u00a0\u00bb][vc_column][vc_column_text]<\/p>\n<h3 style=\"text-align: left;\">D\u00e9tail du chantier<\/h3>\n<hr \/>\n<p>[\/vc_column_text][vc_column_text]<\/p>\n<table>\n<tbody>\n<tr>\n<td width=\"302\"><strong>Nom du projet <\/strong><\/p>\n<p><strong>\u00a0<\/strong><\/td>\n<td width=\"302\">R\u00e9sidence \u00ab\u00a0iles vertes\u00a0\u00bb<\/td>\n<\/tr>\n<tr>\n<td width=\"302\"><strong>Adresse<\/strong><\/p>\n<p><strong>\u00a0<\/strong><\/td>\n<td width=\"302\">51 quai Winston Churchill<\/p>\n<p>94210 la Varenne Saint Hilaire<\/td>\n<\/tr>\n<tr>\n<td width=\"302\"><strong>Maitre d\u2019ouvrage<\/strong><\/p>\n<p><strong>\u00a0<\/strong><\/td>\n<td width=\"302\">Dm gestion<\/td>\n<\/tr>\n<tr>\n<td width=\"302\"><strong>Nature des travaux<\/strong><\/p>\n<p><strong>\u00a0<\/strong><\/td>\n<td width=\"302\">-ravalement avec isolation thermique ext\u00e9rieure<\/p>\n<p>-remplacement des garde-corps<\/p>\n<p>-\u00e9tanch\u00e9it\u00e9 des balcons filants<\/td>\n<\/tr>\n<tr>\n<td width=\"302\"><strong>Montant des travaux<\/strong><\/td>\n<td width=\"302\">535 000\u20ac<\/td>\n<\/tr>\n<\/tbody>\n<\/table>\n<p>[\/vc_column_text][\/vc_column][\/vc_row][vc_row row_type=\u00a0\u00bbrow\u00a0\u00bb use_row_as_full_screen_section=\u00a0\u00bbno\u00a0\u00bb type=\u00a0\u00bbfull_width\u00a0\u00bb angled_section=\u00a0\u00bbno\u00a0\u00bb text_align=\u00a0\u00bbleft\u00a0\u00bb background_image_as_pattern=\u00a0\u00bbwithout_pattern\u00a0\u00bb z_index=\u00a0\u00bb\u00a0\u00bb][vc_column][vc_empty_space height=\u00a0\u00bb50&Prime;][layerslider_vc id=\u00a0\u00bb49&Prime;][vc_empty_space height=\u00a0\u00bb50&Prime;][vc_empty_space height=\u00a0\u00bb50&Prime;][vc_empty_space height=\u00a0\u00bb50&Prime;][\/vc_column][\/vc_row]<\/p>\n<\/section>","protected":false},"excerpt":{"rendered":"<p>[vc_row row_type=\u00a0\u00bbrow\u00a0\u00bb use_row_as_full_screen_section=\u00a0\u00bbno\u00a0\u00bb type=\u00a0\u00bbgrid\u00a0\u00bb angled_section=\u00a0\u00bbno\u00a0\u00bb text_align=\u00a0\u00bbleft\u00a0\u00bb background_image_as_pattern=\u00a0\u00bbwithout_pattern\u00a0\u00bb z_index=\u00a0\u00bb\u00a0\u00bb][vc_column][vc_column_text css=\u00a0\u00bb.vc_custom_1694520885391{background-color: #000000 !important;}\u00a0\u00bb] ILES VERTES [\/vc_column_text][\/vc_column][\/vc_row][vc_row row_type=\u00a0\u00bbrow\u00a0\u00bb use_row_as_full_screen_section=\u00a0\u00bbno\u00a0\u00bb type=\u00a0\u00bbfull_width\u00a0\u00bb angled_section=\u00a0\u00bbno\u00a0\u00bb text_align=\u00a0\u00bbleft\u00a0\u00bb background_image_as_pattern=\u00a0\u00bbwithout_pattern\u00a0\u00bb][vc_column][vc_column_text] &#8230; <\/p>\n<p class=\"read-more-container\"><a title=\"ILS VERTES\" class=\"read-more button\" href=\"https:\/\/attea.fr\/index.php\/ils-vertes\/#more-17714\">Read more<span class=\"screen-reader-text\">ILS VERTES<\/span><\/a><\/p>\n","protected":false},"author":1,"featured_media":0,"parent":0,"menu_order":0,"comment_status":"closed","ping_status":"closed","template":"","meta":{"footnotes":""},"folder":[25],"class_list":{"0":"post-17714","1":"page","2":"type-page","3":"status-publish","5":"no-featured-image-padding"},"_links":{"self":[{"href":"https:\/\/attea.fr\/index.php\/wp-json\/wp\/v2\/pages\/17714","targetHints":{"allow":["GET"]}}],"collection":[{"href":"https:\/\/attea.fr\/index.php\/wp-json\/wp\/v2\/pages"}],"about":[{"href":"https:\/\/attea.fr\/index.php\/wp-json\/wp\/v2\/types\/page"}],"author":[{"embeddable":true,"href":"https:\/\/attea.fr\/index.php\/wp-json\/wp\/v2\/users\/1"}],"replies":[{"embeddable":true,"href":"https:\/\/attea.fr\/index.php\/wp-json\/wp\/v2\/comments?post=17714"}],"version-history":[{"count":4,"href":"https:\/\/attea.fr\/index.php\/wp-json\/wp\/v2\/pages\/17714\/revisions"}],"predecessor-version":[{"id":17855,"href":"https:\/\/attea.fr\/index.php\/wp-json\/wp\/v2\/pages\/17714\/revisions\/17855"}],"wp:attachment":[{"href":"https:\/\/attea.fr\/index.php\/wp-json\/wp\/v2\/media?parent=17714"}],"wp:term":[{"taxonomy":"folder","embeddable":true,"href":"https:\/\/attea.fr\/index.php\/wp-json\/wp\/v2\/folder?post=17714"}],"curies":[{"name":"wp","href":"https:\/\/api.w.org\/{rel}","templated":true}]}}